{"id":18748,"date":"2024-03-15T17:04:05","date_gmt":"2024-03-15T16:04:05","guid":{"rendered":"https:\/\/shop.affilella.com\/product\/affilella-t\/"},"modified":"2024-06-07T14:01:51","modified_gmt":"2024-06-07T13:01:51","slug":"affilella-t","status":"publish","type":"product","link":"https:\/\/shop.affilella.com\/de\/produkt\/affilella-t\/","title":{"rendered":"Affilella T"},"content":{"rendered":"<p>Die Sch\u00e4rfmaschine Affilella T ist eine praktische und wirtschaftliche Maschine, die sich ideal zum Sch\u00e4rfen von Scherk\u00f6pfen f\u00fcr Haustiere eignet. Dank der speziellen Scheibe und der Verwendung von Schleifpaste lassen sich professionelle Ergebnisse sicher und einfach erzielen. Die Schleifpaste und ein Magnethalter f\u00fcr die K\u00f6pfe werden mitgeliefert. Wartungsfrei<\/p>\n<p>DAS IST F\u00dcR SIE, WENN:<\/p>\n<p>&#8211; Sie Scherk\u00f6pfe f\u00fcr Haustierscheren sch\u00e4rfen m\u00f6chten.<\/p>\n<div class=\"wd-button-wrapper text-center\"><a class=\"btn btn-style-3d btn-style-semi-round btn-size-large btn-color-primary btn-icon-pos-right\" href=\"https:\/\/affilella.com\/wp-content\/uploads\/2024\/06\/AFFILLELLA-T-IED-interattivo.pdf\" target=\"_blank\" rel=\"noopener\"><br \/>\n<span class=\"wd-btn-text\" data-elementor-setting-key=\"text\">Technisches Datenblatt im PDF<\/span><br \/>\n<\/a><\/div>\n","protected":false},"excerpt":{"rendered":"<p>Affilella T ist ein professionelles Sch\u00e4rfger\u00e4t f\u00fcr Scherk\u00f6pfe von Haustierscheren. Er besteht aus einem Geh\u00e4use aus lackiertem Stahl, das den Elektromotor tr\u00e4gt, der die obere Drehscheibe aus Aluminium antreibt. Dank der magnetischen Halterung k\u00f6nnen die Scherk\u00f6pfe einfach und sicher gesch\u00e4rft werden.<\/p>\n","protected":false},"featured_media":18696,"comment_status":"closed","ping_status":"closed","template":"","meta":[],"product_cat":[140],"product_tag":[],"class_list":{"0":"post-18748","1":"product","2":"type-product","3":"status-publish","4":"has-post-thumbnail","6":"product_cat-clipper-koepfe","7":"product_shipping_class-collo-incompatibile-de","9":"first","10":"instock","11":"taxable","12":"shipping-taxable","13":"purchasable","14":"product-type-simple"},"_links":{"self":[{"href":"https:\/\/shop.affilella.com\/de\/wp-json\/wp\/v2\/product\/18748"}],"collection":[{"href":"https:\/\/shop.affilella.com\/de\/wp-json\/wp\/v2\/product"}],"about":[{"href":"https:\/\/shop.affilella.com\/de\/wp-json\/wp\/v2\/types\/product"}],"replies":[{"embeddable":true,"href":"https:\/\/shop.affilella.com\/de\/wp-json\/wp\/v2\/comments?post=18748"}],"version-history":[{"count":4,"href":"https:\/\/shop.affilella.com\/de\/wp-json\/wp\/v2\/product\/18748\/revisions"}],"predecessor-version":[{"id":19556,"href":"https:\/\/shop.affilella.com\/de\/wp-json\/wp\/v2\/product\/18748\/revisions\/19556"}],"wp:featuredmedia":[{"embeddable":true,"href":"https:\/\/shop.affilella.com\/de\/wp-json\/wp\/v2\/media\/18696"}],"wp:attachment":[{"href":"https:\/\/shop.affilella.com\/de\/wp-json\/wp\/v2\/media?parent=18748"}],"wp:term":[{"taxonomy":"product_cat","embeddable":true,"href":"https:\/\/shop.affilella.com\/de\/wp-json\/wp\/v2\/product_cat?post=18748"},{"taxonomy":"product_tag","embeddable":true,"href":"https:\/\/shop.affilella.com\/de\/wp-json\/wp\/v2\/product_tag?post=18748"}],"curies":[{"name":"wp","href":"https:\/\/api.w.org\/{rel}","templated":true}]}}