{"id":18758,"date":"2024-03-11T16:19:15","date_gmt":"2024-03-11T15:19:15","guid":{"rendered":"https:\/\/shop.affilella.com\/product\/affilella-s\/"},"modified":"2024-06-18T14:32:18","modified_gmt":"2024-06-18T13:32:18","slug":"affilella-s","status":"publish","type":"product","link":"https:\/\/shop.affilella.com\/de\/produkt\/affilella-s\/","title":{"rendered":"Affilella S"},"content":{"rendered":"<p>Die Sch\u00e4rfmaschine Affilella S ist eine praktische und wirtschaftliche Maschine, die sich ideal zum Sch\u00e4rfen aller Arten von Friseurscheren japanischer und deutscher Bauart eignet. Es ist m\u00f6glich, den Sch\u00e4rfwinkel zu variieren, indem der mitgelieferte Winkelanschlag durch einen individuellen Anschlag ersetzt wird. Der mitgelieferte Anschlag hat einen Winkel von 40\u00b0. Auf dem Aluminium-Drehteller ist eine selbstklebende Schleifscheibe angebracht, die ein professionelles Sch\u00e4rfen erm\u00f6glicht. Mit dem Wahlschalter kann die Drehrichtung des Tisches ge\u00e4ndert werden, um das Sch\u00e4rfen von Scheren f\u00fcr Linksh\u00e4nder zu erm\u00f6glichen. Au\u00dfer dem Auswechseln der Schleifscheibe ist keine Wartung erforderlich.<\/p>\n<p><b>DAS IST F\u00dcR SIE, WENN:<\/b><\/p>\n<p>&#8211; Sie eine professionelle Friseurschere sch\u00e4rfen wollen<\/p>\n<div class=\"wd-button-wrapper text-center\"><a class=\"btn btn-style-3d btn-style-semi-round btn-size-large btn-color-primary btn-icon-pos-right\" href=\"https:\/\/affilella.com\/wp-content\/uploads\/2024\/05\/AFFILLELLA-S-IET-interattivo.pdf\" target=\"_blank\" rel=\"noopener\"><br \/>\n<span class=\"wd-btn-text\" data-elementor-setting-key=\"text\">Technisches Datenblatt im PDF<\/span><br \/>\n<\/a><\/div>\n","protected":false},"excerpt":{"rendered":"<p>Affilella S ist eine professionelle Sch\u00e4rfmaschine f\u00fcr Friseurscheren. Sie besteht aus einem lackierten Stahlgeh\u00e4use, das die elektrische und mechanische Antriebseinheit enth\u00e4lt, und einem oberen Drehteller aus Aluminium. <span class=\"ui-provider a b c d e f g h i j k l m n o p q r s t u v w x y z ab ac ae af ag ah ai aj ak\" dir=\"ltr\">Im Lieferumfang enthalten sind ein Eckwinkel aus Aluminium und 5 Schleifscheiben.<\/span> Der Winkel des Winkeld\u00fcbels ist anpassbar und erm\u00f6glicht es, den gew\u00fcnschten Winkel zu erzielen. Das Affilella S Sch\u00e4rfger\u00e4t ist kompakt und einfach zu bedienen.<\/p>\n","protected":false},"featured_media":18691,"comment_status":"closed","ping_status":"closed","template":"","meta":[],"product_cat":[176],"product_tag":[],"class_list":{"0":"post-18758","1":"product","2":"type-product","3":"status-publish","4":"has-post-thumbnail","6":"product_cat-friseurschere","7":"product_shipping_class-collo-incompatibile-de","9":"first","10":"instock","11":"taxable","12":"shipping-taxable","13":"purchasable","14":"product-type-simple"},"_links":{"self":[{"href":"https:\/\/shop.affilella.com\/de\/wp-json\/wp\/v2\/product\/18758"}],"collection":[{"href":"https:\/\/shop.affilella.com\/de\/wp-json\/wp\/v2\/product"}],"about":[{"href":"https:\/\/shop.affilella.com\/de\/wp-json\/wp\/v2\/types\/product"}],"replies":[{"embeddable":true,"href":"https:\/\/shop.affilella.com\/de\/wp-json\/wp\/v2\/comments?post=18758"}],"version-history":[{"count":4,"href":"https:\/\/shop.affilella.com\/de\/wp-json\/wp\/v2\/product\/18758\/revisions"}],"predecessor-version":[{"id":19821,"href":"https:\/\/shop.affilella.com\/de\/wp-json\/wp\/v2\/product\/18758\/revisions\/19821"}],"wp:featuredmedia":[{"embeddable":true,"href":"https:\/\/shop.affilella.com\/de\/wp-json\/wp\/v2\/media\/18691"}],"wp:attachment":[{"href":"https:\/\/shop.affilella.com\/de\/wp-json\/wp\/v2\/media?parent=18758"}],"wp:term":[{"taxonomy":"product_cat","embeddable":true,"href":"https:\/\/shop.affilella.com\/de\/wp-json\/wp\/v2\/product_cat?post=18758"},{"taxonomy":"product_tag","embeddable":true,"href":"https:\/\/shop.affilella.com\/de\/wp-json\/wp\/v2\/product_tag?post=18758"}],"curies":[{"name":"wp","href":"https:\/\/api.w.org\/{rel}","templated":true}]}}