{"id":18768,"date":"2024-03-11T16:19:16","date_gmt":"2024-03-11T15:19:16","guid":{"rendered":"https:\/\/shop.affilella.com\/product\/affilatoio-dry\/"},"modified":"2024-04-30T11:16:58","modified_gmt":"2024-04-30T10:16:58","slug":"affilatoio-dry","status":"publish","type":"product","link":"https:\/\/shop.affilella.com\/de\/produkt\/affilatoio-dry\/","title":{"rendered":"Affilatoio Dry"},"content":{"rendered":"<p><strong>Affilatoio DRY<\/strong>\u00a0ist ein professioneller Trockenschleifer, er kann alle Arten von Messern und Scheren sch\u00e4rfen und eignet sich besonders f\u00fcr gro\u00dfe Klingen wie \u00c4xte, Hackmesser etc.<\/p>\n<p><strong>Die Filzscheibe<\/strong>\u00a0mit Schleifpaste beschichtete kann f\u00fcr Pr\u00e4zisionsentgratarbeiten verwendet werden; Das Schleifband erm\u00f6glicht die Bearbeitung der Schneidkante und des Klingenaustrittswinkels dank der 2 Arbeitspositionen auf dem Schleifband: oben flexibel und unten starr und gest\u00fctzt.<\/p>\n<p><strong>Affilatoio DRY<\/strong>\u00a0ist ein erg\u00e4nzendes Sch\u00e4rfger\u00e4t zu den anderen Maschinen der\u00a0<strong>Affilella<\/strong>-Reihe und kann f\u00fcr alle Arbeiten an besonders dicken Endlosklingen verwendet werden.<br \/>\nF\u00fcr mehr Pr\u00e4zision beim Schlichten werden ein Ersatzband und ein Schleifpastenstab mitgeliefert, der auf der Entgratscheibe verwendet werden kann.<\/p>\n<p><b>ES IST F\u00dcR DICH, WENN<\/b><\/p>\n<p>\u2013 Sie m\u00f6chten von Hand sch\u00e4rfen<br \/>\n\u2013 Sie m\u00f6chten dicke Klingen wie \u00c4xte und Nudelmesser sch\u00e4rfen<br \/>\n\u2013 Sie m\u00f6chten trocken und schnell sch\u00e4rfen<br \/>\n\u2013 Sie m\u00f6chten das Sortiment Ihrer Sch\u00e4rfwerkzeuge komplettieren<\/p>\n<div class=\"wd-button-wrapper text-center\"><a class=\"btn btn-style-3d btn-style-semi-round btn-size-large btn-color-primary btn-icon-pos-right\" href=\"https:\/\/affilella.com\/wp-content\/uploads\/2021\/09\/AffilatoioDRY_IT-EN-DE.pdf\" target=\"_blank\" rel=\"noopener\"><br \/>\n<span class=\"wd-btn-text\" data-elementor-setting-key=\"text\">Technisches Datenblatt im PDF<\/span><br \/>\n<\/a><\/div>\n","protected":false},"excerpt":{"rendered":"<p>Affilatoio DRY ist ein professionelles Trockensch\u00e4rfger\u00e4t f\u00fcr Messer, Scheren und gro\u00dfe Klingen.<br \/>\nDas Filzscheibe mit Schleifpaste entgratet pr\u00e4zise, w\u00e4hrend das Schleifband die Schneide sch\u00e4rft und den Fasenwinkel erzeugt.<\/p>\n","protected":false},"featured_media":18681,"comment_status":"closed","ping_status":"closed","template":"","meta":[],"product_cat":[212,213,211,210],"product_tag":[],"class_list":{"0":"post-18768","1":"product","2":"type-product","3":"status-publish","4":"has-post-thumbnail","6":"product_cat-filetiermesser","7":"product_cat-hackmesser","8":"product_cat-schnitzmesser","9":"product_cat-zitrusmesser","11":"first","12":"instock","13":"taxable","14":"shipping-taxable","15":"purchasable","16":"product-type-simple"},"_links":{"self":[{"href":"https:\/\/shop.affilella.com\/de\/wp-json\/wp\/v2\/product\/18768"}],"collection":[{"href":"https:\/\/shop.affilella.com\/de\/wp-json\/wp\/v2\/product"}],"about":[{"href":"https:\/\/shop.affilella.com\/de\/wp-json\/wp\/v2\/types\/product"}],"replies":[{"embeddable":true,"href":"https:\/\/shop.affilella.com\/de\/wp-json\/wp\/v2\/comments?post=18768"}],"version-history":[{"count":4,"href":"https:\/\/shop.affilella.com\/de\/wp-json\/wp\/v2\/product\/18768\/revisions"}],"predecessor-version":[{"id":18960,"href":"https:\/\/shop.affilella.com\/de\/wp-json\/wp\/v2\/product\/18768\/revisions\/18960"}],"wp:featuredmedia":[{"embeddable":true,"href":"https:\/\/shop.affilella.com\/de\/wp-json\/wp\/v2\/media\/18681"}],"wp:attachment":[{"href":"https:\/\/shop.affilella.com\/de\/wp-json\/wp\/v2\/media?parent=18768"}],"wp:term":[{"taxonomy":"product_cat","embeddable":true,"href":"https:\/\/shop.affilella.com\/de\/wp-json\/wp\/v2\/product_cat?post=18768"},{"taxonomy":"product_tag","embeddable":true,"href":"https:\/\/shop.affilella.com\/de\/wp-json\/wp\/v2\/product_tag?post=18768"}],"curies":[{"name":"wp","href":"https:\/\/api.w.org\/{rel}","templated":true}]}}