{"id":18778,"date":"2024-03-11T16:19:15","date_gmt":"2024-03-11T15:19:15","guid":{"rendered":"https:\/\/shop.affilella.com\/product\/affilella-wet\/"},"modified":"2024-04-30T11:32:02","modified_gmt":"2024-04-30T10:32:02","slug":"affilella-wet","status":"publish","type":"product","link":"https:\/\/shop.affilella.com\/de\/produkt\/affilella-wet\/","title":{"rendered":"Affilella Wet"},"content":{"rendered":"<p>Affilella Wet ist ein professioneller Nass Sch\u00e4rfer, sicher, kompakt, einzigartig in seiner Art. Der Stahlk\u00f6rper der Maschine enth\u00e4lt die Elektrik und eine Frontwanne aus Edelstahl f\u00fcr das Wasser, in der sich die Schleifscheibe befindet. Der K\u00f6rper der Scheibe besteht aus Aluminium und ist mit CBN beschichtet: Dank dieses superabrasiven Materials, der niedrigen Rotationsgeschwindigkeit der Scheibe und der K\u00fchlung durch das Vorhandensein von Wasser ver\u00e4ndert das Sch\u00e4rfen mit Affilella Wet die mechanischen Eigenschaften der Blatt.<br \/>\nDas Wasser tr\u00e4gt dazu bei, die Oberfl\u00e4che der Schleifscheibe frei von Metallr\u00fcckst\u00e4nden zu halten, die beim Sch\u00e4rfen entstehen, und verhindert eine \u00dcberhitzung, indem es Funkenbildung verhindert. Alle mit der Klinge und dem Wasser in Ber\u00fchrung kommenden Komponenten sind aus Edelstahl gefertigt, eine Eigenschaft, die eine saubere Verarbeitung und die Einhaltung hygienischer Standards garantiert.<br \/>\nDie speziellen Winkelbolzen (austauschbar und anpassbar) werden an den Seiten der CBN-Schleifscheibe angebracht und dienen als Unterst\u00fctzung, um den gew\u00fcnschten Sch\u00e4rfwinkel zu erzielen. Zwei 15\u00b0-D\u00fcbel zum Sch\u00e4rfen von Messern und ein 50\u00b0-D\u00fcbel zum Sch\u00e4rfen von Scheren werden mit Affilella Junior mitgeliefert, die Referenzbl\u00f6cke in jedem gew\u00fcnschten Winkel k\u00f6nnen jedoch separat erworben werden.<\/p>\n<p><b>ES IST F\u00dcR DICH, WENN<\/b><\/p>\n<p>\u2013 Sie m\u00f6chten ein paar bestimmte Klingen sehr genau sch\u00e4rfen<br \/>\n\u2013 Sie m\u00f6chten die Temperatur der Klinge w\u00e4hrend des Sch\u00e4rfens kontrollieren<br \/>\n\u2013 Sie m\u00f6chten ein Sch\u00e4rfwerkzeug, das wenig Platz ben\u00f6tigt und keine Funken erzeugt<br \/>\n\u2013 Sie eine saubere Behandlung erreichen m\u00f6chten, die bestimmten hygienischen Standards entspricht<\/p>\n<div class=\"wd-button-wrapper text-center\"><a class=\"btn btn-style-3d btn-style-semi-round btn-size-large btn-color-primary btn-icon-pos-right\" href=\"https:\/\/affilella.com\/wp-content\/uploads\/2021\/09\/Affilella-Wet_IT-EN-DE.pdf\" target=\"_blank\" rel=\"noopener\"><br \/>\n<span class=\"wd-btn-text\" data-elementor-setting-key=\"text\">Technisches Datenblatt im PDF<\/span><br \/>\n<\/a><\/div>\n","protected":false},"excerpt":{"rendered":"<p>Affilella Wet ist ein professioneller wassergek\u00fchlter Sch\u00e4rfer, der Messer und Scheren in Sekundenschnelle sch\u00e4rft. Die CBN-Schleifscheibe mit Aluminiumbeschichtung und Wasserk\u00fchlung garantiert ein pr\u00e4zises und lang anhaltendes Sch\u00e4rfen ohne \u00dcberhitzung. Mit den austauschbaren Winkeld\u00fcbeln k\u00f6nnen Sie den gew\u00fcnschten Sch\u00e4rfwinkel erreichen. Affilella Wet ist einfach zu bedienen und vielseitig, ideal f\u00fcr den privaten und professionellen Gebrauch.<\/p>\n","protected":false},"featured_media":18701,"comment_status":"closed","ping_status":"closed","template":"","meta":[],"product_cat":[212,242,211,210],"product_tag":[],"class_list":{"0":"post-18778","1":"product","2":"type-product","3":"status-publish","4":"has-post-thumbnail","6":"product_cat-filetiermesser","7":"product_cat-schere","8":"product_cat-schnitzmesser","9":"product_cat-zitrusmesser","10":"product_shipping_class-collo-incompatibile-de","12":"first","13":"instock","14":"taxable","15":"shipping-taxable","16":"purchasable","17":"product-type-simple"},"_links":{"self":[{"href":"https:\/\/shop.affilella.com\/de\/wp-json\/wp\/v2\/product\/18778"}],"collection":[{"href":"https:\/\/shop.affilella.com\/de\/wp-json\/wp\/v2\/product"}],"about":[{"href":"https:\/\/shop.affilella.com\/de\/wp-json\/wp\/v2\/types\/product"}],"replies":[{"embeddable":true,"href":"https:\/\/shop.affilella.com\/de\/wp-json\/wp\/v2\/comments?post=18778"}],"version-history":[{"count":4,"href":"https:\/\/shop.affilella.com\/de\/wp-json\/wp\/v2\/product\/18778\/revisions"}],"predecessor-version":[{"id":18962,"href":"https:\/\/shop.affilella.com\/de\/wp-json\/wp\/v2\/product\/18778\/revisions\/18962"}],"wp:featuredmedia":[{"embeddable":true,"href":"https:\/\/shop.affilella.com\/de\/wp-json\/wp\/v2\/media\/18701"}],"wp:attachment":[{"href":"https:\/\/shop.affilella.com\/de\/wp-json\/wp\/v2\/media?parent=18778"}],"wp:term":[{"taxonomy":"product_cat","embeddable":true,"href":"https:\/\/shop.affilella.com\/de\/wp-json\/wp\/v2\/product_cat?post=18778"},{"taxonomy":"product_tag","embeddable":true,"href":"https:\/\/shop.affilella.com\/de\/wp-json\/wp\/v2\/product_tag?post=18778"}],"curies":[{"name":"wp","href":"https:\/\/api.w.org\/{rel}","templated":true}]}}