{"id":18788,"date":"2024-03-11T16:19:15","date_gmt":"2024-03-11T15:19:15","guid":{"rendered":"https:\/\/shop.affilella.com\/product\/affilella-junior\/"},"modified":"2024-04-30T11:28:35","modified_gmt":"2024-04-30T10:28:35","slug":"affilella-junior","status":"publish","type":"product","link":"https:\/\/shop.affilella.com\/de\/produkt\/affilella-junior\/","title":{"rendered":"Affilella Junior"},"content":{"rendered":"<p>Der kleine Sch\u00e4rfger\u00e4t\u00a0<strong>Affilella Junior<\/strong>\u00a0ist eine wendige und wirtschaftliche Maschine, die sich ideal zum Sch\u00e4rfen aller Arten von Messern und Scheren eignet. Dank seiner Vielseitigkeit ist es m\u00f6glich, verschiedene Arten von Klingen unabh\u00e4ngig von Dicke und Winkel zu sch\u00e4rfen: Tats\u00e4chlich ist es m\u00f6glich, den Schleifwinkel zu variieren, indem die 2 Winkelstopfen aus Edelstahl an den Seiten der Maschine ausgetauscht werden.<\/p>\n<p>Die mit superabrasivem\u00a0<strong>CBN<\/strong>\u00a0(Cubic Boron Nitride) beschichtete Schleifscheibe garantiert ein hervorragendes Finish, ohne die Klinge zu erhitzen oder zu verbrennen, da das Sch\u00e4rfen in wenigen Schritten erfolgt. Der Sch\u00e4rfger\u00e4t verf\u00fcgt \u00fcber einen Schalter zur Umkehrung der Raddrehung und ist somit ideal zum Sch\u00e4rfen von Doppelschliffmessern und beiden Scherenklingen.<br \/>\nDie speziellen Winkelbolzen (austauschbar und anpassbar) werden an den Seiten der CBN-Schleifscheibe angebracht und dienen als Unterst\u00fctzung, um den gew\u00fcnschten Sch\u00e4rfwinkel zu erzielen. Zwei 15\u00b0-D\u00fcbel zum Sch\u00e4rfen von Messern und ein 50\u00b0-D\u00fcbel zum Sch\u00e4rfen von Scheren werden mit\u00a0<strong>Affilella Junior<\/strong>\u00a0mitgeliefert, die Referenzbl\u00f6cke in jedem gew\u00fcnschten Winkel k\u00f6nnen jedoch separat erworben werden.<\/p>\n<p><b>ES IST F\u00dcR DICH, WENN<\/b><\/p>\n<p>\u2013 Sie m\u00f6chten Ihre eigenen Klingen sch\u00e4rfen, um pr\u00e4zise Arbeit zu erhalten<br \/>\n\u2013 Du willst ein g\u00fcnstiges aber professionelles Instrument<br \/>\n\u2013 Sie wollen einen Spitzer, der wenig Platz braucht und sauber arbeitet<br \/>\n\u2013 Sie m\u00f6chten die Klingen mit benutzerdefinierten Winkeln sch\u00e4rfen<\/p>\n<div class=\"wd-button-wrapper text-center\"><a class=\"btn btn-style-3d btn-style-semi-round btn-size-large btn-color-primary btn-icon-pos-right\" href=\"http:\/\/staging.affilella.tlco.info\/wp-content\/uploads\/2024\/04\/AffilellaJR_IT-EN-DE.pdf\"><br \/>\n<span class=\"wd-btn-text\" data-elementor-setting-key=\"text\">Technisches Datenblatt im PDF<\/span><br \/>\n<\/a><\/div>\n","protected":false},"excerpt":{"rendered":"<p>Affilella Junior ist ein praktisches und wirtschaftliches Ger\u00e4t, ideal zum Sch\u00e4rfen aller Arten von Messern und Scheren, zu jeder Zeit. Kompakt und vielseitig, erm\u00f6glicht es Ihnen, den Sch\u00e4rfwinkel zu variieren, um Ihren Bed\u00fcrfnissen gerecht zu werden, und garantiert ein hervorragendes Finish ohne Erhitzung oder Klingenbrand.<\/p>\n","protected":false},"featured_media":18686,"comment_status":"closed","ping_status":"closed","template":"","meta":[],"product_cat":[212,242,211,210],"product_tag":[],"class_list":{"0":"post-18788","1":"product","2":"type-product","3":"status-publish","4":"has-post-thumbnail","6":"product_cat-filetiermesser","7":"product_cat-schere","8":"product_cat-schnitzmesser","9":"product_cat-zitrusmesser","11":"first","12":"instock","13":"taxable","14":"shipping-taxable","15":"purchasable","16":"product-type-simple"},"_links":{"self":[{"href":"https:\/\/shop.affilella.com\/de\/wp-json\/wp\/v2\/product\/18788"}],"collection":[{"href":"https:\/\/shop.affilella.com\/de\/wp-json\/wp\/v2\/product"}],"about":[{"href":"https:\/\/shop.affilella.com\/de\/wp-json\/wp\/v2\/types\/product"}],"replies":[{"embeddable":true,"href":"https:\/\/shop.affilella.com\/de\/wp-json\/wp\/v2\/comments?post=18788"}],"version-history":[{"count":3,"href":"https:\/\/shop.affilella.com\/de\/wp-json\/wp\/v2\/product\/18788\/revisions"}],"predecessor-version":[{"id":18961,"href":"https:\/\/shop.affilella.com\/de\/wp-json\/wp\/v2\/product\/18788\/revisions\/18961"}],"wp:featuredmedia":[{"embeddable":true,"href":"https:\/\/shop.affilella.com\/de\/wp-json\/wp\/v2\/media\/18686"}],"wp:attachment":[{"href":"https:\/\/shop.affilella.com\/de\/wp-json\/wp\/v2\/media?parent=18788"}],"wp:term":[{"taxonomy":"product_cat","embeddable":true,"href":"https:\/\/shop.affilella.com\/de\/wp-json\/wp\/v2\/product_cat?post=18788"},{"taxonomy":"product_tag","embeddable":true,"href":"https:\/\/shop.affilella.com\/de\/wp-json\/wp\/v2\/product_tag?post=18788"}],"curies":[{"name":"wp","href":"https:\/\/api.w.org\/{rel}","templated":true}]}}