{"id":18798,"date":"2024-03-11T16:19:16","date_gmt":"2024-03-11T15:19:16","guid":{"rendered":"https:\/\/shop.affilella.com\/product\/affilella\/"},"modified":"2024-09-16T12:16:01","modified_gmt":"2024-09-16T11:16:01","slug":"affilella","status":"publish","type":"product","link":"https:\/\/shop.affilella.com\/de\/produkt\/affilella\/","title":{"rendered":"Affilella"},"content":{"rendered":"<p>Der <strong>Affilella<\/strong> Profi-Sch\u00e4rfer ist das richtige Instrument, um den Faden von K\u00fcchenmessern und -scheren perfekt zu restaurieren. Beh\u00e4lt Effizienz und Geschwindigkeit auch bei mehrfachem und h\u00e4ufigem Sch\u00e4rfen bei. Es besteht aus einem Aluminium-Hauptk\u00f6rper, einem lackierten Stahlsockel, der die Elektroinstallation enth\u00e4lt, und einer Edelstahl-Frontstruktur, in der sich die Schleifscheiben befinden. Es verf\u00fcgt \u00fcber zwei mit CBN (kubisches Bornitrid) beschichtete Wendelscheiben zum Sch\u00e4rfen von Messern, eine Keramikschleifscheibe zum Sch\u00e4rfen von Scheren und eine Laminat-Schleifscheibe zum Polieren der Bez\u00fcge von Messern und Scheren.<br \/>\nEinfach zu bedienen, kompakt, handlich, hat geringe Wartungskosten.<\/p>\n<p>Es kann mit der Klingenhalterf\u00fchrung ausgestattet werden, eine n\u00fctzliche Erg\u00e4nzung, um mit absoluter Sicherheit zu sch\u00e4rfen und hervorragende Ergebnisse beim ersten Sch\u00e4rfen zu erzielen.<\/p>\n<p><b>ES IST F\u00dcR DICH, WENN<\/b><br \/>\n\u2013 Sie m\u00f6chten viele Werkzeuge h\u00e4ufig sch\u00e4rfen<br \/>\n\u2013 Du m\u00f6chtest Messer und Scheren sch\u00e4rfen und polieren<br \/>\n\u2013 Sie m\u00f6chten schnell sch\u00e4rfen, mit wenigen Strichen<br \/>\n\u2013 Sie m\u00f6chten einen reduzierten Platz zum Sch\u00e4rfen nutzen<\/p>\n<div class=\"wd-button-wrapper text-center\"><a class=\"btn btn-style-3d btn-style-semi-round btn-size-large btn-color-primary btn-icon-pos-right\" href=\"https:\/\/affilella.com\/wp-content\/uploads\/2024\/09\/Affilella_IT-EN-DE.pdf\" target=\"_blank\" rel=\"noopener\"><br \/>\n<span class=\"wd-btn-text\" data-elementor-setting-key=\"text\">Technisches Datenblatt im PDF<\/span><br \/>\n<\/a><\/div>\n","protected":false},"excerpt":{"rendered":"<p>Affilella ist das professionelle, einfach zu bedienende Sch\u00e4rfger\u00e4t f\u00fcr K\u00fcchenmesser und Scheren, das auch bei h\u00e4ufigem Sch\u00e4rfen effizient und schnell bleibt.<br \/>\nDank der beiden spiralf\u00f6rmigen CBN-Schleifscheiben und der Keramik-Schleifscheibe f\u00fcr die Schere bietet Affilella ein pr\u00e4zises und lang anhaltendes Sch\u00e4rfen. Die Schwabbelscheibe vervollst\u00e4ndigt den Prozess und poliert die Fase von Messern und Scheren.<\/p>\n","protected":false},"featured_media":18676,"comment_status":"closed","ping_status":"closed","template":"","meta":[],"product_cat":[212,242,211,210],"product_tag":[],"class_list":{"0":"post-18798","1":"product","2":"type-product","3":"status-publish","4":"has-post-thumbnail","6":"product_cat-filetiermesser","7":"product_cat-schere","8":"product_cat-schnitzmesser","9":"product_cat-zitrusmesser","10":"product_shipping_class-collo-incompatibile-de","12":"first","13":"instock","14":"taxable","15":"shipping-taxable","16":"purchasable","17":"product-type-simple"},"_links":{"self":[{"href":"https:\/\/shop.affilella.com\/de\/wp-json\/wp\/v2\/product\/18798"}],"collection":[{"href":"https:\/\/shop.affilella.com\/de\/wp-json\/wp\/v2\/product"}],"about":[{"href":"https:\/\/shop.affilella.com\/de\/wp-json\/wp\/v2\/types\/product"}],"replies":[{"embeddable":true,"href":"https:\/\/shop.affilella.com\/de\/wp-json\/wp\/v2\/comments?post=18798"}],"version-history":[{"count":6,"href":"https:\/\/shop.affilella.com\/de\/wp-json\/wp\/v2\/product\/18798\/revisions"}],"predecessor-version":[{"id":20149,"href":"https:\/\/shop.affilella.com\/de\/wp-json\/wp\/v2\/product\/18798\/revisions\/20149"}],"wp:featuredmedia":[{"embeddable":true,"href":"https:\/\/shop.affilella.com\/de\/wp-json\/wp\/v2\/media\/18676"}],"wp:attachment":[{"href":"https:\/\/shop.affilella.com\/de\/wp-json\/wp\/v2\/media?parent=18798"}],"wp:term":[{"taxonomy":"product_cat","embeddable":true,"href":"https:\/\/shop.affilella.com\/de\/wp-json\/wp\/v2\/product_cat?post=18798"},{"taxonomy":"product_tag","embeddable":true,"href":"https:\/\/shop.affilella.com\/de\/wp-json\/wp\/v2\/product_tag?post=18798"}],"curies":[{"name":"wp","href":"https:\/\/api.w.org\/{rel}","templated":true}]}}