{"id":18752,"date":"2024-03-15T17:04:05","date_gmt":"2024-03-15T16:04:05","guid":{"rendered":"https:\/\/shop.affilella.com\/product\/affilella-t\/"},"modified":"2024-06-07T14:04:24","modified_gmt":"2024-06-07T13:04:24","slug":"affilella-t","status":"publish","type":"product","link":"https:\/\/shop.affilella.com\/es\/producto\/affilella-t\/","title":{"rendered":"Affilella T"},"content":{"rendered":"<p>La m\u00e1quina afiladora Affilella T es una m\u00e1quina pr\u00e1ctica y econ\u00f3mica ideal para afilar los cabezales de cortapelos para mascotas. Gracias al disco especial y al uso de pasta abrasiva se obtienen resultados profesionales con total seguridad y facilidad. Se suministran la pasta abrasiva y un soporte magn\u00e9tico para los cabezales. No requiere mantenimiento<\/p>\n<p>ES PARA TI, SI:<\/p>\n<p>\u2013 Quieres afilar cabezas de mascotas.<\/p>\n<div class=\"wd-button-wrapper text-center\"><a class=\"btn btn-style-3d btn-style-semi-round btn-size-large btn-color-primary btn-icon-pos-right\" href=\"https:\/\/affilella.com\/wp-content\/uploads\/2024\/06\/AFFILLELLA-T-IFS-interattivo.pdf\" target=\"_blank\" rel=\"noopener\"><br \/>\n<span class=\"wd-btn-text\" data-elementor-setting-key=\"text\">Ficha t\u00e9cnica en PDF<\/span><br \/>\n<\/a><\/div>\n","protected":false},"excerpt":{"rendered":"<p>Affilella T es una maquina afiladora profesional para cabezales de cortapelos para mascotas. Est\u00e1 construido a partir de un cuerpo de acero pintado, que soporta el motor el\u00e9ctrico que transmite la cinem\u00e1tica al disco giratorio superior de aluminio. El soporte magn\u00e9tico permite afilar los cabezales de forma f\u00e1cil y segura.<\/p>\n","protected":false},"featured_media":18698,"comment_status":"closed","ping_status":"closed","template":"","meta":[],"product_cat":[152],"product_tag":[],"class_list":{"0":"post-18752","1":"product","2":"type-product","3":"status-publish","4":"has-post-thumbnail","6":"product_cat-cabezas-de-cortadora","7":"product_shipping_class-collo-incompatibile-es","9":"first","10":"instock","11":"taxable","12":"shipping-taxable","13":"purchasable","14":"product-type-simple"},"_links":{"self":[{"href":"https:\/\/shop.affilella.com\/es\/wp-json\/wp\/v2\/product\/18752"}],"collection":[{"href":"https:\/\/shop.affilella.com\/es\/wp-json\/wp\/v2\/product"}],"about":[{"href":"https:\/\/shop.affilella.com\/es\/wp-json\/wp\/v2\/types\/product"}],"replies":[{"embeddable":true,"href":"https:\/\/shop.affilella.com\/es\/wp-json\/wp\/v2\/comments?post=18752"}],"version-history":[{"count":3,"href":"https:\/\/shop.affilella.com\/es\/wp-json\/wp\/v2\/product\/18752\/revisions"}],"predecessor-version":[{"id":19559,"href":"https:\/\/shop.affilella.com\/es\/wp-json\/wp\/v2\/product\/18752\/revisions\/19559"}],"wp:featuredmedia":[{"embeddable":true,"href":"https:\/\/shop.affilella.com\/es\/wp-json\/wp\/v2\/media\/18698"}],"wp:attachment":[{"href":"https:\/\/shop.affilella.com\/es\/wp-json\/wp\/v2\/media?parent=18752"}],"wp:term":[{"taxonomy":"product_cat","embeddable":true,"href":"https:\/\/shop.affilella.com\/es\/wp-json\/wp\/v2\/product_cat?post=18752"},{"taxonomy":"product_tag","embeddable":true,"href":"https:\/\/shop.affilella.com\/es\/wp-json\/wp\/v2\/product_tag?post=18752"}],"curies":[{"name":"wp","href":"https:\/\/api.w.org\/{rel}","templated":true}]}}