{"id":18760,"date":"2024-03-11T16:19:15","date_gmt":"2024-03-11T15:19:15","guid":{"rendered":"https:\/\/shop.affilella.com\/product\/affilella-s\/"},"modified":"2024-06-18T13:49:57","modified_gmt":"2024-06-18T12:49:57","slug":"affilella-s","status":"publish","type":"product","link":"https:\/\/shop.affilella.com\/es\/producto\/affilella-s\/","title":{"rendered":"Affilella S"},"content":{"rendered":"<p>La m\u00e1quina afiladora Affilella T es una m\u00e1quina pr\u00e1ctica y econ\u00f3mica ideal para afilar los cabezales de cortapelos para mascotas. Gracias al disco especial y al uso de pasta abrasiva se obtienen resultados profesionales con total seguridad y facilidad. Se suministran la pasta abrasiva y un soporte magn\u00e9tico para los cabezales. No requiere mantenimiento<\/p>\n<p><b>ES PARA TI, SI:<\/b><\/p>\n<p>Quieres afilar cabezas de mascotas.<\/p>\n<div class=\"wd-button-wrapper text-center\"><a class=\"btn btn-style-3d btn-style-semi-round btn-size-large btn-color-primary btn-icon-pos-right\" href=\"https:\/\/affilella.com\/wp-content\/uploads\/2024\/05\/AFFILLELLA-S-IFS-interattivo.pdf\" target=\"_blank\" rel=\"noopener\"><br \/>\n<span class=\"wd-btn-text\" data-elementor-setting-key=\"text\">Ficha t\u00e9cnica en PDF<\/span><br \/>\n<\/a><\/div>\n","protected":false},"excerpt":{"rendered":"<p>Affilella S es una maquina afiladora profesional de tijeras de peluquer\u00eda. Est\u00e1 construida a partir de un cuerpo de acero pintado, que contiene en su interior la unidad de transmisi\u00f3n cinem\u00e1tica el\u00e9ctrica y mec\u00e1nica, y de una mesa superior circular de aluminio giratoria. Se suministra un taco angular de aluminio y 5 discos abrasivos. El \u00e1ngulo del bloque es personalizable y permite de obtener el \u00e1ngulo deseado. Affilella S es compacta y f\u00e1cil de usar.<\/p>\n","protected":false},"featured_media":18693,"comment_status":"closed","ping_status":"closed","template":"","meta":[],"product_cat":[188],"product_tag":[],"class_list":{"0":"post-18760","1":"product","2":"type-product","3":"status-publish","4":"has-post-thumbnail","6":"product_cat-tijeras-de-peluqueria","7":"product_shipping_class-collo-incompatibile-es","9":"first","10":"instock","11":"taxable","12":"shipping-taxable","13":"purchasable","14":"product-type-simple"},"_links":{"self":[{"href":"https:\/\/shop.affilella.com\/es\/wp-json\/wp\/v2\/product\/18760"}],"collection":[{"href":"https:\/\/shop.affilella.com\/es\/wp-json\/wp\/v2\/product"}],"about":[{"href":"https:\/\/shop.affilella.com\/es\/wp-json\/wp\/v2\/types\/product"}],"replies":[{"embeddable":true,"href":"https:\/\/shop.affilella.com\/es\/wp-json\/wp\/v2\/comments?post=18760"}],"version-history":[{"count":6,"href":"https:\/\/shop.affilella.com\/es\/wp-json\/wp\/v2\/product\/18760\/revisions"}],"predecessor-version":[{"id":19820,"href":"https:\/\/shop.affilella.com\/es\/wp-json\/wp\/v2\/product\/18760\/revisions\/19820"}],"wp:featuredmedia":[{"embeddable":true,"href":"https:\/\/shop.affilella.com\/es\/wp-json\/wp\/v2\/media\/18693"}],"wp:attachment":[{"href":"https:\/\/shop.affilella.com\/es\/wp-json\/wp\/v2\/media?parent=18760"}],"wp:term":[{"taxonomy":"product_cat","embeddable":true,"href":"https:\/\/shop.affilella.com\/es\/wp-json\/wp\/v2\/product_cat?post=18760"},{"taxonomy":"product_tag","embeddable":true,"href":"https:\/\/shop.affilella.com\/es\/wp-json\/wp\/v2\/product_tag?post=18760"}],"curies":[{"name":"wp","href":"https:\/\/api.w.org\/{rel}","templated":true}]}}