{"id":18770,"date":"2024-03-11T16:19:16","date_gmt":"2024-03-11T15:19:16","guid":{"rendered":"https:\/\/shop.affilella.com\/product\/affilatoio-dry\/"},"modified":"2024-06-21T16:47:37","modified_gmt":"2024-06-21T15:47:37","slug":"affilatoio-dry","status":"publish","type":"product","link":"https:\/\/shop.affilella.com\/es\/producto\/affilatoio-dry\/","title":{"rendered":"Affilatoio Dry"},"content":{"rendered":"<p><strong>Affilatoio DRY<\/strong>\u00a0es una afiladora en seco profesional, puede afilar todo tipo de cuchillos y tijeras y es especialmente adecuado para hojas grandes como hachas, cuchillas, etc.<\/p>\n<p><strong>La muela de fieltro<\/strong>\u00a0recubierta con pasta abrasiva se puede utilizar para operaciones de desbarbado de precisi\u00f3n; la cinta abrasiva permite el mecanizado del filo y el \u00e1ngulo de descarga de la hoja, gracias a las 2 posiciones de trabajo de la cinta abrasiva: superior flexible e inferior r\u00edgida y apoyada.<\/p>\n<p><strong>Affilatoio DRY<\/strong>\u00a0es una afiladora complementaria de las otras m\u00e1quinas de la gama\u00a0<strong>Affilella<\/strong>\u00a0y se puede utilizar para todos los trabajos en hojas de filo continuo particularmente gruesas.<br \/>\nCon la m\u00e1quina se suministra una cinta de repuesto y una barra de pasta abrasiva para ser utilizada en la muela desbarbadora para mayor precisi\u00f3n en el acabado.<\/p>\n<p><b>ES PARA TI, SI<\/b><\/p>\n<p>\u2013 Quieres afilar a mano<br \/>\n\u2013 Quieres afilar hojas gruesas, tales como hachas y cuchillos de fideos<br \/>\n\u2013 Quieres afilar en seco y r\u00e1pidamente<br \/>\n\u2013 Desea completar la gama de sus herramientas de afilado<\/p>\n<div class=\"wd-button-wrapper text-center\"><a class=\"btn btn-style-3d btn-style-semi-round btn-size-large btn-color-primary btn-icon-pos-right\" href=\"https:\/\/affilella.com\/wp-content\/uploads\/2021\/10\/AffilatoioDRY_FR-ES-RU.pdf\" target=\"_blank\" rel=\"noopener\"><br \/>\n<span class=\"wd-btn-text\" data-elementor-setting-key=\"text\">Ficha t\u00e9cnica en PDF<\/span><br \/>\n<\/a><\/div>\n","protected":false},"excerpt":{"rendered":"<p>Affilatoio DRY es un dispositivo profesional en seco para cuchillos, tijeras y hojas grandes.<br \/>\nLa muela de fieltro con pasta abrasiva desbarba con precisi\u00f3n, mientras que la cinta abrasiva afila el filo y crea el \u00e1ngulo del bisel.<br \/>\nAffilatoio DRY es ideal para hojas gruesas y se completa con las otras maquinas afiladoras Affilella.<\/p>\n","protected":false},"featured_media":18683,"comment_status":"closed","ping_status":"closed","template":"","meta":[],"product_cat":[229,227,226,228],"product_tag":[],"class_list":{"0":"post-18770","1":"product","2":"type-product","3":"status-publish","4":"has-post-thumbnail","6":"product_cat-cuchilla-de-carnicero","7":"product_cat-cuchillos-de-trinchar","8":"product_cat-cuchillos-para-citricos","9":"product_cat-cuchillos-para-filetear","11":"first","12":"instock","13":"taxable","14":"shipping-taxable","15":"purchasable","16":"product-type-simple"},"_links":{"self":[{"href":"https:\/\/shop.affilella.com\/es\/wp-json\/wp\/v2\/product\/18770"}],"collection":[{"href":"https:\/\/shop.affilella.com\/es\/wp-json\/wp\/v2\/product"}],"about":[{"href":"https:\/\/shop.affilella.com\/es\/wp-json\/wp\/v2\/types\/product"}],"replies":[{"embeddable":true,"href":"https:\/\/shop.affilella.com\/es\/wp-json\/wp\/v2\/comments?post=18770"}],"version-history":[{"count":5,"href":"https:\/\/shop.affilella.com\/es\/wp-json\/wp\/v2\/product\/18770\/revisions"}],"predecessor-version":[{"id":19983,"href":"https:\/\/shop.affilella.com\/es\/wp-json\/wp\/v2\/product\/18770\/revisions\/19983"}],"wp:featuredmedia":[{"embeddable":true,"href":"https:\/\/shop.affilella.com\/es\/wp-json\/wp\/v2\/media\/18683"}],"wp:attachment":[{"href":"https:\/\/shop.affilella.com\/es\/wp-json\/wp\/v2\/media?parent=18770"}],"wp:term":[{"taxonomy":"product_cat","embeddable":true,"href":"https:\/\/shop.affilella.com\/es\/wp-json\/wp\/v2\/product_cat?post=18770"},{"taxonomy":"product_tag","embeddable":true,"href":"https:\/\/shop.affilella.com\/es\/wp-json\/wp\/v2\/product_tag?post=18770"}],"curies":[{"name":"wp","href":"https:\/\/api.w.org\/{rel}","templated":true}]}}