{"id":18780,"date":"2024-03-11T16:19:15","date_gmt":"2024-03-11T15:19:15","guid":{"rendered":"https:\/\/shop.affilella.com\/product\/affilella-wet\/"},"modified":"2024-06-21T16:45:58","modified_gmt":"2024-06-21T15:45:58","slug":"affilella-wet","status":"publish","type":"product","link":"https:\/\/shop.affilella.com\/es\/producto\/affilella-wet\/","title":{"rendered":"Affilella Wet"},"content":{"rendered":"<p><strong>Affilella Wet<\/strong>\u00a0es una afiladora profesional de agua, segura, compacta, \u00fanica en su g\u00e9nero. El cuerpo de acero de la m\u00e1quina contiene el sistema el\u00e9ctrico y una bandeja frontal de acero inoxidable para el agua, donde se encuentra la muela. El cuerpo de la muela est\u00e1 construido en aluminio y revestido en\u00a0<strong>CBN<\/strong>: gracias a este material s\u00faper abrasivo, a la baja velocidad de rotaci\u00f3n de la muela y al enfriamiento causado por la presencia del agua, el afilado con Affilella Wet no altera las caracter\u00edsticas mec\u00e1nicas de la hoja.<br \/>\nEl agua ayuda a mantener limpia la superficie de la muela de los residuos met\u00e1licos producidos durante el afilado, y previene el sobrecalentamiento evitando que se produzcan chispas. Todos los componentes en contacto con la cuchilla y con el agua son de acero inoxidable, caracter\u00edstica que garantiza elaboraciones limpias y mantenimiento de normas higi\u00e9nicas.<br \/>\nLos bloques angulares especiales (intercambiables y personalizables) se colocan en los lados de la muela CBN y sirven como soporte para obtener el \u00e1ngulo de afilado deseado. Con Affilella Wet se suministran dos bloques de 15\u00b0 para afilar cuchillos y un bloque de 50\u00b0 para afilar tijera, pero los bloques de referencia de cualquier \u00e1ngulo requerido se pueden comprar por separado.<\/p>\n<p><b>ES PARA TI, SI<\/b><\/p>\n<p>\u2013 Desea afilar pocas y espec\u00edficas hojas de manera muy precisa<br \/>\n\u2013 Quiere tener control sobre la temperatura de la hoja durante el afilado<br \/>\n\u2013 Quieres una herramienta para afilar que ocupa poco espacio y no produce chispas<br \/>\n\u2013 Quiere conseguir un tratamiento limpio que cumpla con ciertos est\u00e1ndares higi\u00e9nicos<\/p>\n<div class=\"wd-button-wrapper text-center\"><a class=\"btn btn-style-3d btn-style-semi-round btn-size-large btn-color-primary btn-icon-pos-right\" href=\"https:\/\/affilella.com\/wp-content\/uploads\/2021\/10\/Affilella-Wet_FR-ES-RU.pdf\" target=\"_blank\" rel=\"noopener\"><br \/>\n<span class=\"wd-btn-text\" data-elementor-setting-key=\"text\">Ficha t\u00e9cnica en PDF<\/span><br \/>\n<\/a><\/div>\n","protected":false},"excerpt":{"rendered":"<p>Affilella Wet es una maquina afiladora profesional con agua que afila cuchillos y tijeras en pocos segundos. La muela CBN, con revestimiento de aluminio y refrigeraci\u00f3n por agua, garantiza un afilado preciso y duradero sin sobrecalentamiento. Los bloques intercambiables le permiten obtener el \u00e1ngulo de afilado deseado. Affilella Wet es f\u00e1cil de usar y vers\u00e1til, ideal para uso dom\u00e9stico y profesional.<\/p>\n","protected":false},"featured_media":18703,"comment_status":"closed","ping_status":"closed","template":"","meta":[],"product_cat":[227,226,228,250],"product_tag":[],"class_list":{"0":"post-18780","1":"product","2":"type-product","3":"status-publish","4":"has-post-thumbnail","6":"product_cat-cuchillos-de-trinchar","7":"product_cat-cuchillos-para-citricos","8":"product_cat-cuchillos-para-filetear","9":"product_cat-tijeras","10":"product_shipping_class-collo-incompatibile-es","12":"first","13":"instock","14":"taxable","15":"shipping-taxable","16":"purchasable","17":"product-type-simple"},"_links":{"self":[{"href":"https:\/\/shop.affilella.com\/es\/wp-json\/wp\/v2\/product\/18780"}],"collection":[{"href":"https:\/\/shop.affilella.com\/es\/wp-json\/wp\/v2\/product"}],"about":[{"href":"https:\/\/shop.affilella.com\/es\/wp-json\/wp\/v2\/types\/product"}],"replies":[{"embeddable":true,"href":"https:\/\/shop.affilella.com\/es\/wp-json\/wp\/v2\/comments?post=18780"}],"version-history":[{"count":5,"href":"https:\/\/shop.affilella.com\/es\/wp-json\/wp\/v2\/product\/18780\/revisions"}],"predecessor-version":[{"id":19980,"href":"https:\/\/shop.affilella.com\/es\/wp-json\/wp\/v2\/product\/18780\/revisions\/19980"}],"wp:featuredmedia":[{"embeddable":true,"href":"https:\/\/shop.affilella.com\/es\/wp-json\/wp\/v2\/media\/18703"}],"wp:attachment":[{"href":"https:\/\/shop.affilella.com\/es\/wp-json\/wp\/v2\/media?parent=18780"}],"wp:term":[{"taxonomy":"product_cat","embeddable":true,"href":"https:\/\/shop.affilella.com\/es\/wp-json\/wp\/v2\/product_cat?post=18780"},{"taxonomy":"product_tag","embeddable":true,"href":"https:\/\/shop.affilella.com\/es\/wp-json\/wp\/v2\/product_tag?post=18780"}],"curies":[{"name":"wp","href":"https:\/\/api.w.org\/{rel}","templated":true}]}}