{"id":18790,"date":"2024-03-11T16:19:15","date_gmt":"2024-03-11T15:19:15","guid":{"rendered":"https:\/\/shop.affilella.com\/product\/affilella-junior\/"},"modified":"2024-06-21T16:41:28","modified_gmt":"2024-06-21T15:41:28","slug":"affilella-junior","status":"publish","type":"product","link":"https:\/\/shop.affilella.com\/es\/producto\/affilella-junior\/","title":{"rendered":"Affilella Junior"},"content":{"rendered":"<p>La peque\u00f1a afiladora\u00a0<strong>Affilella Junior<\/strong>\u00a0es una m\u00e1quina pr\u00e1ctica y econ\u00f3mica que es ideal para el afilado de todo tipo de cuchillos y tijeras. Permite de afilar diferentes tipos de cuchillas, independientemente del espesor y del \u00e1ngulo, gracias a su versatilidad: de hecho es posible variar el \u00e1ngulo de afilado sustituyendo los 2 bloques angulares de acero inoxidable colocados a los lados de la m\u00e1quina.<\/p>\n<p>La muela revestida en s\u00faper abrasivo\u00a0<strong>CBN<\/strong>\u00a0(Nitruro de Boro Cubico) garantiza un excelente acabado sin calentar o quemar la hoja, ya que es bastante un par de pasadas r\u00e1pidas para afilar. La afiladora tiene un interruptor para invertir la rotaci\u00f3n de la muela y por lo tanto es ideal para afilar los cuchillos con doble bisel y ambas cuchillas de las tijeras.<br \/>\nLos bloques angulares especiales (intercambiables y personalizables) se colocan en los lados de la muela CBN y sirven como soporte para obtener el \u00e1ngulo de afilado deseado. Con\u00a0<strong>Affilella Junior<\/strong>\u00a0se suministran dos bloques de 15 \u00b0 para afilar cuchillos y un bloque de 50 \u00b0 para afilar tijera, pero los bloques de referencia de cualquier \u00e1ngulo requerido se pueden comprar por separado.<\/p>\n<p><b>ES PARA TI, SI<\/b><\/p>\n<p>\u2013 Quieres afilar tus propias cuchillas obteniendo unos trabajos precisos<br \/>\n\u2013 Quieres un instrumento econ\u00f3mico pero profesional<br \/>\n\u2013 Quieres una afiladora que ocupa poco espacio y que trabaja limpio<br \/>\n\u2013 Quieres afilar las cuchillas con \u00e1ngulos personalizados<\/p>\n<div class=\"wd-button-wrapper text-center\"><a class=\"btn btn-style-3d btn-style-semi-round btn-size-large btn-color-primary btn-icon-pos-right\" href=\"https:\/\/affilella.com\/wp-content\/uploads\/2021\/10\/AffilellaJR_FR-ES-RU.pdf\"><br \/>\n<span class=\"wd-btn-text\" data-elementor-setting-key=\"text\">Ficha t\u00e9cnica en PDF<\/span><br \/>\n<\/a><\/div>\n","protected":false},"excerpt":{"rendered":"<p>Affilella Junior es una m\u00e1quina pr\u00e1ctica y econ\u00f3mica, ideal para afilar cualquier tipo de cuchillo o tijera, en cualquier momento. Compacto y vers\u00e1til, permite variar el \u00e1ngulo de afilado para adaptarse a tus necesidades, asegurando un excelente acabado sin calentar ni quemar los cuchillos.<\/p>\n","protected":false},"featured_media":18688,"comment_status":"closed","ping_status":"closed","template":"","meta":[],"product_cat":[227,226,228,250],"product_tag":[],"class_list":{"0":"post-18790","1":"product","2":"type-product","3":"status-publish","4":"has-post-thumbnail","6":"product_cat-cuchillos-de-trinchar","7":"product_cat-cuchillos-para-citricos","8":"product_cat-cuchillos-para-filetear","9":"product_cat-tijeras","11":"first","12":"instock","13":"taxable","14":"shipping-taxable","15":"purchasable","16":"product-type-simple"},"_links":{"self":[{"href":"https:\/\/shop.affilella.com\/es\/wp-json\/wp\/v2\/product\/18790"}],"collection":[{"href":"https:\/\/shop.affilella.com\/es\/wp-json\/wp\/v2\/product"}],"about":[{"href":"https:\/\/shop.affilella.com\/es\/wp-json\/wp\/v2\/types\/product"}],"replies":[{"embeddable":true,"href":"https:\/\/shop.affilella.com\/es\/wp-json\/wp\/v2\/comments?post=18790"}],"version-history":[{"count":4,"href":"https:\/\/shop.affilella.com\/es\/wp-json\/wp\/v2\/product\/18790\/revisions"}],"predecessor-version":[{"id":19975,"href":"https:\/\/shop.affilella.com\/es\/wp-json\/wp\/v2\/product\/18790\/revisions\/19975"}],"wp:featuredmedia":[{"embeddable":true,"href":"https:\/\/shop.affilella.com\/es\/wp-json\/wp\/v2\/media\/18688"}],"wp:attachment":[{"href":"https:\/\/shop.affilella.com\/es\/wp-json\/wp\/v2\/media?parent=18790"}],"wp:term":[{"taxonomy":"product_cat","embeddable":true,"href":"https:\/\/shop.affilella.com\/es\/wp-json\/wp\/v2\/product_cat?post=18790"},{"taxonomy":"product_tag","embeddable":true,"href":"https:\/\/shop.affilella.com\/es\/wp-json\/wp\/v2\/product_tag?post=18790"}],"curies":[{"name":"wp","href":"https:\/\/api.w.org\/{rel}","templated":true}]}}