{"id":18757,"date":"2024-03-11T16:19:15","date_gmt":"2024-03-11T15:19:15","guid":{"rendered":"https:\/\/shop.affilella.com\/product\/affilella-s\/"},"modified":"2024-06-18T13:47:31","modified_gmt":"2024-06-18T12:47:31","slug":"affilella-s","status":"publish","type":"product","link":"https:\/\/shop.affilella.com\/fr\/produit\/affilella-s\/","title":{"rendered":"Affilella S"},"content":{"rendered":"<p>L&rsquo;aff\u00fbteuse T est une machine pratique et \u00e9conomique id\u00e9ale pour aff\u00fbter les t\u00eates de tondeuses pour petits animaux. Gr\u00e2ce au disque sp\u00e9cial et \u00e0 l&rsquo;utilisation de p\u00e2te abrasive, des r\u00e9sultats professionnels sont obtenus en toute s\u00e9curit\u00e9 et facilit\u00e9. La p\u00e2te abrasive et un support magn\u00e9tique pour les t\u00eates sont fournis. Aucun entretien requis.<\/p>\n<p><b>C\u2019EST POUR VOUS, SI:<\/b><\/p>\n<p>\u2013 Vous voulez affuter les tetes pour tendeuse pour animaux<\/p>\n<div class=\"wd-button-wrapper text-center\"><a class=\"btn btn-style-3d btn-style-semi-round btn-size-large btn-color-primary btn-icon-pos-right\" href=\"https:\/\/affilella.com\/wp-content\/uploads\/2024\/05\/AFFILLELLA-S-IFS-interattivo.pdf\" target=\"_blank\" rel=\"noopener\"><br \/>\n<span class=\"wd-btn-text\" data-elementor-setting-key=\"text\">Fiche technique en PDF<\/span><br \/>\n<\/a><\/div>\n","protected":false},"excerpt":{"rendered":"<p>Affilella S est un affuteuse professionnelle pour ciseaux de coiffure. Elle est construite \u00e0 partir d&rsquo;un corps en acier peint, qui contient l&rsquo;unit\u00e9 de transmission cin\u00e9matique \u00e9lectrique et m\u00e9canique et d&rsquo;une table sup\u00e9rieure circulaire rotative en aluminium. Un cale en aluminium avec l&rsquo;angle correct et 5 disques abrasifs est fournie. L&rsquo;angle du bloc est personnalisable et permet d&rsquo;obtenir l&rsquo;angle souhait\u00e9. L&rsquo;Affilella S est compacte et facile \u00e0 utiliser<\/p>\n","protected":false},"featured_media":18690,"comment_status":"closed","ping_status":"closed","template":"","meta":[],"product_cat":[170],"product_tag":[],"class_list":{"0":"post-18757","1":"product","2":"type-product","3":"status-publish","4":"has-post-thumbnail","6":"product_cat-ciseaux-de-coiffure","7":"product_shipping_class-collo-incompatibile-fr","9":"first","10":"instock","11":"taxable","12":"shipping-taxable","13":"purchasable","14":"product-type-simple"},"_links":{"self":[{"href":"https:\/\/shop.affilella.com\/fr\/wp-json\/wp\/v2\/product\/18757"}],"collection":[{"href":"https:\/\/shop.affilella.com\/fr\/wp-json\/wp\/v2\/product"}],"about":[{"href":"https:\/\/shop.affilella.com\/fr\/wp-json\/wp\/v2\/types\/product"}],"replies":[{"embeddable":true,"href":"https:\/\/shop.affilella.com\/fr\/wp-json\/wp\/v2\/comments?post=18757"}],"version-history":[{"count":5,"href":"https:\/\/shop.affilella.com\/fr\/wp-json\/wp\/v2\/product\/18757\/revisions"}],"predecessor-version":[{"id":19819,"href":"https:\/\/shop.affilella.com\/fr\/wp-json\/wp\/v2\/product\/18757\/revisions\/19819"}],"wp:featuredmedia":[{"embeddable":true,"href":"https:\/\/shop.affilella.com\/fr\/wp-json\/wp\/v2\/media\/18690"}],"wp:attachment":[{"href":"https:\/\/shop.affilella.com\/fr\/wp-json\/wp\/v2\/media?parent=18757"}],"wp:term":[{"taxonomy":"product_cat","embeddable":true,"href":"https:\/\/shop.affilella.com\/fr\/wp-json\/wp\/v2\/product_cat?post=18757"},{"taxonomy":"product_tag","embeddable":true,"href":"https:\/\/shop.affilella.com\/fr\/wp-json\/wp\/v2\/product_tag?post=18757"}],"curies":[{"name":"wp","href":"https:\/\/api.w.org\/{rel}","templated":true}]}}