{"id":18767,"date":"2024-03-11T16:19:16","date_gmt":"2024-03-11T15:19:16","guid":{"rendered":"https:\/\/shop.affilella.com\/product\/affilatoio-dry\/"},"modified":"2024-06-21T16:46:41","modified_gmt":"2024-06-21T15:46:41","slug":"affilatoio-dry","status":"publish","type":"product","link":"https:\/\/shop.affilella.com\/fr\/produit\/affilatoio-dry\/","title":{"rendered":"Affilatoio Dry"},"content":{"rendered":"<p><strong>Affilatoio DRY\u00a0<\/strong>est une aff\u00fbteuse \u00e0 sec professionnel, elle peut aff\u00fbter tous types de couteaux et ciseaux et est particuli\u00e8rement adapt\u00e9 aux grandes lames telles que haches, couperets, etc.<\/p>\n<p><strong>La meule en feutre<\/strong>\u00a0enduite de p\u00e2te abrasive peut \u00eatre utilis\u00e9e pour des op\u00e9rations d\u2019\u00e9bavurage de pr\u00e9cision; le ruban abrasif permet l\u2019usinage du tranchant et de l\u2019angle de sortie de la lame, gr\u00e2ce aux 2 positions de travail sur le ruban: sup\u00e9rieure souple et inf\u00e9rieure rigide et appuy\u00e9e.<\/p>\n<p><strong>Affilatoio DRY<\/strong>\u00a0est une aff\u00fbteuse compl\u00e9mentaire aux autres machines de la gamme\u00a0<strong>Affilella<\/strong>\u00a0et peut \u00eatre utilis\u00e9 pour tous les travaux sur des lames \u00e0 tranchant continu particuli\u00e8rement \u00e9paisses.<br \/>\nUn ruban de rechange et un b\u00e2ton de p\u00e2te abrasive sont fournis avec la machine \u00e0 utiliser sur la meule en feutre d\u2019\u00e9bavurage pour une plus grande pr\u00e9cision lors de la finition.<\/p>\n<p><b>C\u2019EST POUR VOUS, SI<\/b><\/p>\n<p>\u2013 Vous souhaitez aff\u00fbter \u00e0 la main<br \/>\n\u2013 Vous souhaitez aff\u00fbter des lames \u00e9paisses, telles que des haches et des couteaux \u00e0 nouilles<br \/>\n\u2013 Vous souhaitez aff\u00fbter \u00e0 sec et rapidement<br \/>\n\u2013 Vous souhaitez compl\u00e9ter la gamme de vos outils d\u2019aff\u00fbtage<\/p>\n<div class=\"wd-button-wrapper text-center\"><a class=\"btn btn-style-3d btn-style-semi-round btn-size-large btn-color-primary btn-icon-pos-right\" href=\"https:\/\/affilella.com\/wp-content\/uploads\/2021\/10\/AffilatoioDRY_FR-ES-RU.pdf\" target=\"_blank\" rel=\"noopener\"><br \/>\n<span class=\"wd-btn-text\" data-elementor-setting-key=\"text\">Fiche technique en PDF<\/span><br \/>\n<\/a><\/div>\n","protected":false},"excerpt":{"rendered":"<p>Affilatoio DRY est un dispositif \u00e0 sec professionnel pour couteaux, ciseaux et outils avec diff\u00e9rentes formes.<br \/>\nLa meule en feutre avec p\u00e2te abrasive \u00e9bavure avec pr\u00e9cision, tandis que la bande abrasive aff\u00fbte le tranchant et cr\u00e9e l&rsquo;angle de d\u00e9pouille.<br \/>\nAffilatoio DRY est id\u00e9al pour les lames \u00e9paisses et se compl\u00e8te avec les autres aff\u00fbteuses marque Affilella.<\/p>\n","protected":false},"featured_media":18680,"comment_status":"closed","ping_status":"closed","template":"","meta":[],"product_cat":[205,202,203,204],"product_tag":[],"class_list":{"0":"post-18767","1":"product","2":"type-product","3":"status-publish","4":"has-post-thumbnail","6":"product_cat-couperet","7":"product_cat-couteaux-a-agrumes","8":"product_cat-couteaux-a-decouper","9":"product_cat-couteaux-a-fileter","11":"first","12":"instock","13":"taxable","14":"shipping-taxable","15":"purchasable","16":"product-type-simple"},"_links":{"self":[{"href":"https:\/\/shop.affilella.com\/fr\/wp-json\/wp\/v2\/product\/18767"}],"collection":[{"href":"https:\/\/shop.affilella.com\/fr\/wp-json\/wp\/v2\/product"}],"about":[{"href":"https:\/\/shop.affilella.com\/fr\/wp-json\/wp\/v2\/types\/product"}],"replies":[{"embeddable":true,"href":"https:\/\/shop.affilella.com\/fr\/wp-json\/wp\/v2\/comments?post=18767"}],"version-history":[{"count":5,"href":"https:\/\/shop.affilella.com\/fr\/wp-json\/wp\/v2\/product\/18767\/revisions"}],"predecessor-version":[{"id":19981,"href":"https:\/\/shop.affilella.com\/fr\/wp-json\/wp\/v2\/product\/18767\/revisions\/19981"}],"wp:featuredmedia":[{"embeddable":true,"href":"https:\/\/shop.affilella.com\/fr\/wp-json\/wp\/v2\/media\/18680"}],"wp:attachment":[{"href":"https:\/\/shop.affilella.com\/fr\/wp-json\/wp\/v2\/media?parent=18767"}],"wp:term":[{"taxonomy":"product_cat","embeddable":true,"href":"https:\/\/shop.affilella.com\/fr\/wp-json\/wp\/v2\/product_cat?post=18767"},{"taxonomy":"product_tag","embeddable":true,"href":"https:\/\/shop.affilella.com\/fr\/wp-json\/wp\/v2\/product_tag?post=18767"}],"curies":[{"name":"wp","href":"https:\/\/api.w.org\/{rel}","templated":true}]}}