{"id":18777,"date":"2024-03-11T16:19:15","date_gmt":"2024-03-11T15:19:15","guid":{"rendered":"https:\/\/shop.affilella.com\/product\/affilella-wet\/"},"modified":"2024-06-21T16:44:51","modified_gmt":"2024-06-21T15:44:51","slug":"affilella-wet","status":"publish","type":"product","link":"https:\/\/shop.affilella.com\/fr\/produit\/affilella-wet\/","title":{"rendered":"Affilella Wet"},"content":{"rendered":"<p><strong>Affilella Wet\u00a0<\/strong>est une aff\u00fbteuse \u00e0 eau professionnelle, s\u00fbr, compacte, unique en son genre. Le corps en acier de la machine contient le syst\u00e8me \u00e9lectrique et un bac avant en acier inoxydable pour l\u2019eau, o\u00f9 se trouve la meule. Le corps de la roue est en aluminium et rev\u00eatu de\u00a0<strong>CBN<\/strong>\u00a0: gr\u00e2ce \u00e0 ce mat\u00e9riau super abrasif, la faible vitesse de rotation de la roue et le refroidissement provoqu\u00e9 par la pr\u00e9sence d\u2019eau, l\u2019aff\u00fbtage avec Affilella Wet n\u2019alt\u00e8re pas les caract\u00e9ristiques m\u00e9caniques de la feuille.<br \/>\nL\u2019eau aide \u00e0 garder la surface de la roue propre des r\u00e9sidus m\u00e9talliques produits lors de l\u2019aff\u00fbtage et emp\u00eache la surchauffe en emp\u00eachant les \u00e9tincelles de se produire. Tous les composants en contact avec la lame et avec l\u2019eau sont en acier inoxydable, une caract\u00e9ristique qui garantit un traitement propre et le maintien des normes d\u2019hygi\u00e8ne.<br \/>\nLes goujons d\u2019angle sp\u00e9ciaux (interchangeables et personnalisables) sont plac\u00e9s sur les c\u00f4t\u00e9s de la meule CBN, et servent de support pour obtenir l\u2019angle d\u2019aff\u00fbtage souhait\u00e9. Deux goujons de 15\u00b0 pour aff\u00fbter les couteaux et un goujon de 50\u00b0 pour aff\u00fbter les ciseaux sont fournies avec Affilella Wet, mais les blocs de r\u00e9f\u00e9rence de tout angle requis peuvent \u00eatre achet\u00e9s s\u00e9par\u00e9ment.<\/p>\n<p><b>C\u2019EST POUR VOUS, SI<\/b><\/p>\n<p>\u2013 Vous souhaitez aff\u00fbter tr\u00e8s pr\u00e9cis\u00e9ment quelques lames sp\u00e9cifiques<br \/>\n\u2013 Vous souhaitez avoir le contr\u00f4le de la temp\u00e9rature de la lame lors de l\u2019aff\u00fbtage<br \/>\n\u2013 Vous voulez un outil d\u2019aff\u00fbtage qui prend peu de place et ne produit pas d\u2019\u00e9tincelles<br \/>\n\u2013 Vous souhaitez obtenir un traitement propre r\u00e9pondant \u00e0 certaines normes d\u2019hygi\u00e8ne<\/p>\n<div class=\"wd-button-wrapper text-center\"><a class=\"btn btn-style-3d btn-style-semi-round btn-size-large btn-color-primary btn-icon-pos-right\" href=\"https:\/\/affilella.com\/wp-content\/uploads\/2021\/10\/Affilella-Wet_FR-ES-RU.pdf\" target=\"_blank\" rel=\"noopener\"><br \/>\n<span class=\"wd-btn-text\" data-elementor-setting-key=\"text\">Fiche technique en PDF<\/span><br \/>\n<\/a><\/div>\n","protected":false},"excerpt":{"rendered":"<p>Affilella Wet est une affuteuse \u00e0 eau professionnelle qui aff\u00fbte les couteaux et les ciseaux en quelques secondes seulement. La meule CBN, avec son rev\u00eatement en aluminium et son refroidissement par eau, garantit un aff\u00fbtage pr\u00e9cis et durable sans surchauffe. Les cales interchangeables permettent d&rsquo;obtenir l&rsquo;angle d&rsquo;aff\u00fbtage souhait\u00e9. Affilella Wet est facile \u00e0 utiliser et polyvalent, id\u00e9al pour un usage domestique et professionnel.<\/p>\n","protected":false},"featured_media":18700,"comment_status":"closed","ping_status":"closed","template":"","meta":[],"product_cat":[238,202,203,204],"product_tag":[],"class_list":{"0":"post-18777","1":"product","2":"type-product","3":"status-publish","4":"has-post-thumbnail","6":"product_cat-ciseaux","7":"product_cat-couteaux-a-agrumes","8":"product_cat-couteaux-a-decouper","9":"product_cat-couteaux-a-fileter","10":"product_shipping_class-collo-incompatibile-fr","12":"first","13":"instock","14":"taxable","15":"shipping-taxable","16":"purchasable","17":"product-type-simple"},"_links":{"self":[{"href":"https:\/\/shop.affilella.com\/fr\/wp-json\/wp\/v2\/product\/18777"}],"collection":[{"href":"https:\/\/shop.affilella.com\/fr\/wp-json\/wp\/v2\/product"}],"about":[{"href":"https:\/\/shop.affilella.com\/fr\/wp-json\/wp\/v2\/types\/product"}],"replies":[{"embeddable":true,"href":"https:\/\/shop.affilella.com\/fr\/wp-json\/wp\/v2\/comments?post=18777"}],"version-history":[{"count":6,"href":"https:\/\/shop.affilella.com\/fr\/wp-json\/wp\/v2\/product\/18777\/revisions"}],"predecessor-version":[{"id":19978,"href":"https:\/\/shop.affilella.com\/fr\/wp-json\/wp\/v2\/product\/18777\/revisions\/19978"}],"wp:featuredmedia":[{"embeddable":true,"href":"https:\/\/shop.affilella.com\/fr\/wp-json\/wp\/v2\/media\/18700"}],"wp:attachment":[{"href":"https:\/\/shop.affilella.com\/fr\/wp-json\/wp\/v2\/media?parent=18777"}],"wp:term":[{"taxonomy":"product_cat","embeddable":true,"href":"https:\/\/shop.affilella.com\/fr\/wp-json\/wp\/v2\/product_cat?post=18777"},{"taxonomy":"product_tag","embeddable":true,"href":"https:\/\/shop.affilella.com\/fr\/wp-json\/wp\/v2\/product_tag?post=18777"}],"curies":[{"name":"wp","href":"https:\/\/api.w.org\/{rel}","templated":true}]}}