{"id":18787,"date":"2024-03-11T16:19:15","date_gmt":"2024-03-11T15:19:15","guid":{"rendered":"https:\/\/shop.affilella.com\/product\/affilella-junior\/"},"modified":"2024-06-21T16:40:58","modified_gmt":"2024-06-21T15:40:58","slug":"affilella-junior","status":"publish","type":"product","link":"https:\/\/shop.affilella.com\/fr\/produit\/affilella-junior\/","title":{"rendered":"Affilella Junior"},"content":{"rendered":"<p>Le petite aff\u00fbteuse\u00a0<strong>Affilella Junior<\/strong>\u00a0est une machine agile et \u00e9conomique, id\u00e9ale pour aff\u00fbter tous types de couteaux et ciseaux. Elle permet d\u2019aff\u00fbter diff\u00e9rents types de lames, ind\u00e9pendamment de l\u2019\u00e9paisseur et de l\u2019angle, gr\u00e2ce \u00e0 sa polyvalence: en effet, il est possible de faire varier l\u2019angle d\u2019aff\u00fbtage en rempla\u00e7ant les 2 chevilles d\u2019angle en acier inoxydable plac\u00e9es sur les c\u00f4t\u00e9s de la machine.<\/p>\n<p>La meule rev\u00eatue de\u00a0<strong>CBN<\/strong>\u00a0super abrasif (Cubic Boron Nitride) garantit une excellente finition sans chauffer ni br\u00fbler la lame, car il faut quelques passes rapides \u00e0 aff\u00fbter. L\u2019aff\u00fbteuse a un interrupteur pour inverser la rotation de la roue et est donc id\u00e9al pour aff\u00fbter les couteaux \u00e0 double biseau et les deux lames de ciseaux.<br \/>\nLes goujons d\u2019angle sp\u00e9ciaux (interchangeables et personnalisables) sont plac\u00e9s sur les c\u00f4t\u00e9s de la meule CBN, et servent de support pour obtenir l\u2019angle d\u2019aff\u00fbtage souhait\u00e9. Deux goujons de 15 \u00b0 pour aff\u00fbter les couteaux et une cheville de 50 \u00b0 pour aff\u00fbter les ciseaux sont fournies avec\u00a0<strong>Affilella Junior<\/strong>, mais les blocs de r\u00e9f\u00e9rence de tout angle requis peuvent \u00eatre achet\u00e9s s\u00e9par\u00e9ment.<\/p>\n<p><b>C\u2019EST POUR VOUS, SI<\/b><\/p>\n<p>\u2013 Vous souhaitez aff\u00fbter vos propres lames en obtenant un travail pr\u00e9cis<br \/>\n\u2013 Vous voulez un instrument pas cher mais professionnel<br \/>\n\u2013 Vous voulez un taille-crayon qui prend peu de place et qui fonctionne proprement<br \/>\n\u2013 Vous souhaitez aff\u00fbter les lames avec des angles personnalis\u00e9s<\/p>\n<div class=\"wd-button-wrapper text-center\"><a class=\"btn btn-style-3d btn-style-semi-round btn-size-large btn-color-primary btn-icon-pos-right\" href=\"https:\/\/affilella.com\/wp-content\/uploads\/2021\/10\/AffilellaJR_FR-ES-RU.pdf\"><br \/>\n<span class=\"wd-btn-text\" data-elementor-setting-key=\"text\">Fiche technique en PDF<\/span><br \/>\n<\/a><\/div>\n","protected":false},"excerpt":{"rendered":"<p>Affilella Junior est une machine pratique et \u00e9conomique, id\u00e9ale pour aff\u00fbter tout type de couteau ou ciseaux, \u00e0 tout moment. Compacte et polyvalente, elle permet de varier l&rsquo;angle d&rsquo;aff\u00fbtage pour s&rsquo;adapter \u00e0 vos besoins, garantissant une excellente finition sans chauffer ni br\u00fbler la lame.<\/p>\n","protected":false},"featured_media":18685,"comment_status":"closed","ping_status":"closed","template":"","meta":[],"product_cat":[238,202,203,204],"product_tag":[],"class_list":{"0":"post-18787","1":"product","2":"type-product","3":"status-publish","4":"has-post-thumbnail","6":"product_cat-ciseaux","7":"product_cat-couteaux-a-agrumes","8":"product_cat-couteaux-a-decouper","9":"product_cat-couteaux-a-fileter","11":"first","12":"instock","13":"taxable","14":"shipping-taxable","15":"purchasable","16":"product-type-simple"},"_links":{"self":[{"href":"https:\/\/shop.affilella.com\/fr\/wp-json\/wp\/v2\/product\/18787"}],"collection":[{"href":"https:\/\/shop.affilella.com\/fr\/wp-json\/wp\/v2\/product"}],"about":[{"href":"https:\/\/shop.affilella.com\/fr\/wp-json\/wp\/v2\/types\/product"}],"replies":[{"embeddable":true,"href":"https:\/\/shop.affilella.com\/fr\/wp-json\/wp\/v2\/comments?post=18787"}],"version-history":[{"count":4,"href":"https:\/\/shop.affilella.com\/fr\/wp-json\/wp\/v2\/product\/18787\/revisions"}],"predecessor-version":[{"id":19974,"href":"https:\/\/shop.affilella.com\/fr\/wp-json\/wp\/v2\/product\/18787\/revisions\/19974"}],"wp:featuredmedia":[{"embeddable":true,"href":"https:\/\/shop.affilella.com\/fr\/wp-json\/wp\/v2\/media\/18685"}],"wp:attachment":[{"href":"https:\/\/shop.affilella.com\/fr\/wp-json\/wp\/v2\/media?parent=18787"}],"wp:term":[{"taxonomy":"product_cat","embeddable":true,"href":"https:\/\/shop.affilella.com\/fr\/wp-json\/wp\/v2\/product_cat?post=18787"},{"taxonomy":"product_tag","embeddable":true,"href":"https:\/\/shop.affilella.com\/fr\/wp-json\/wp\/v2\/product_tag?post=18787"}],"curies":[{"name":"wp","href":"https:\/\/api.w.org\/{rel}","templated":true}]}}