{"id":18797,"date":"2024-03-11T16:19:16","date_gmt":"2024-03-11T15:19:16","guid":{"rendered":"https:\/\/shop.affilella.com\/product\/affilella\/"},"modified":"2024-04-30T11:19:59","modified_gmt":"2024-04-30T10:19:59","slug":"affilella","status":"publish","type":"product","link":"https:\/\/shop.affilella.com\/fr\/produit\/affilella\/","title":{"rendered":"Affilella"},"content":{"rendered":"<p>L\u2019aff\u00fbteuse professionnelle <strong>Affilella<\/strong> est le bon instrument pour restaurer parfaitement le fil des couteaux de cuisine et des ciseaux. Maintient l\u2019efficacit\u00e9 et la vitesse m\u00eame avec des aff\u00fbtages multiples et fr\u00e9quents. Elle se compose d\u2019un corps principal en aluminium, d\u2019une base en acier peint qui contient l\u2019installation \u00e9lectrique et d\u2019une structure avant en acier inoxydable o\u00f9 se trouvent les meules. Elle poss\u00e8de deux meules h\u00e9lico\u00efdales rev\u00eatues de CBN (Cubic Boron Nitride) pour aff\u00fbter les couteaux, une meule en c\u00e9ramique pour aff\u00fbter les ciseaux et une meule en stratifi\u00e9 pour polir le couvercle des couteaux et des ciseaux.<br \/>\nFacile \u00e0 utiliser, compacte, maniable, a de faibles co\u00fbts de maintenance.<\/p>\n<p>Elle peut \u00eatre \u00e9quip\u00e9e du guide porte-lame, un compl\u00e9ment utile pour aff\u00fbter en toute s\u00e9curit\u00e9 et obtenir d\u2019excellents r\u00e9sultats d\u00e8s le premier aff\u00fbtage.<\/p>\n<p><b>C\u2019EST POUR VOUS, SI<\/b><br \/>\n\u2013 Vous souhaitez aff\u00fbter de nombreux outils fr\u00e9quemment<br \/>\n\u2013 Vous souhaitez aff\u00fbter et polir des couteaux et des ciseaux<br \/>\n\u2013 Vous souhaitez aff\u00fbter rapidement, en quelques coups<br \/>\n\u2013 Vous souhaitez profiter d\u2019un espace r\u00e9duit pour le consacrer \u00e0 l\u2019aff\u00fbtage<\/p>\n<div class=\"wd-button-wrapper text-center\"><a class=\"btn btn-style-3d btn-style-semi-round btn-size-large btn-color-primary btn-icon-pos-right\" href=\"https:\/\/affilella.com\/wp-content\/uploads\/2022\/09\/Affilella_IT-EN-DE-FR-ES-RU.pdf\" target=\"_blank\" rel=\"noopener\"><br \/>\n<span class=\"wd-btn-text\" data-elementor-setting-key=\"text\">Fiche technique en PDF<\/span><br \/>\n<\/a><\/div>\n","protected":false},"excerpt":{"rendered":"<p>Affilella est l&rsquo;aff\u00fbteuse professionnelle pour couteaux de cuisine et ciseaux, facile \u00e0 utiliser qui maintient efficacit\u00e9 et rapidit\u00e9 m\u00eame en cas d&rsquo;aff\u00fbtage fr\u00e9quent.<br \/>\nGr\u00e2ce \u00e0 ses deux meules h\u00e9lico\u00efdales CBN et \u00e0 la meule c\u00e9ramique pour les ciseaux, Affilella offre un aff\u00fbtage pr\u00e9cis et durable. La meule lamellaire compl\u00e8te le processus en polissant le biseau des couteaux et des ciseaux.<\/p>\n","protected":false},"featured_media":18675,"comment_status":"closed","ping_status":"closed","template":"","meta":[],"product_cat":[238,202,203,204],"product_tag":[],"class_list":{"0":"post-18797","1":"product","2":"type-product","3":"status-publish","4":"has-post-thumbnail","6":"product_cat-ciseaux","7":"product_cat-couteaux-a-agrumes","8":"product_cat-couteaux-a-decouper","9":"product_cat-couteaux-a-fileter","10":"product_shipping_class-collo-incompatibile-fr","12":"first","13":"instock","14":"taxable","15":"shipping-taxable","16":"purchasable","17":"product-type-simple"},"_links":{"self":[{"href":"https:\/\/shop.affilella.com\/fr\/wp-json\/wp\/v2\/product\/18797"}],"collection":[{"href":"https:\/\/shop.affilella.com\/fr\/wp-json\/wp\/v2\/product"}],"about":[{"href":"https:\/\/shop.affilella.com\/fr\/wp-json\/wp\/v2\/types\/product"}],"replies":[{"embeddable":true,"href":"https:\/\/shop.affilella.com\/fr\/wp-json\/wp\/v2\/comments?post=18797"}],"version-history":[{"count":4,"href":"https:\/\/shop.affilella.com\/fr\/wp-json\/wp\/v2\/product\/18797\/revisions"}],"predecessor-version":[{"id":18958,"href":"https:\/\/shop.affilella.com\/fr\/wp-json\/wp\/v2\/product\/18797\/revisions\/18958"}],"wp:featuredmedia":[{"embeddable":true,"href":"https:\/\/shop.affilella.com\/fr\/wp-json\/wp\/v2\/media\/18675"}],"wp:attachment":[{"href":"https:\/\/shop.affilella.com\/fr\/wp-json\/wp\/v2\/media?parent=18797"}],"wp:term":[{"taxonomy":"product_cat","embeddable":true,"href":"https:\/\/shop.affilella.com\/fr\/wp-json\/wp\/v2\/product_cat?post=18797"},{"taxonomy":"product_tag","embeddable":true,"href":"https:\/\/shop.affilella.com\/fr\/wp-json\/wp\/v2\/product_tag?post=18797"}],"curies":[{"name":"wp","href":"https:\/\/api.w.org\/{rel}","templated":true}]}}